{"id":1488,"date":"2023-04-21T14:38:32","date_gmt":"2023-04-21T12:38:32","guid":{"rendered":"https:\/\/lara-manzini.com\/a-propos-de-moi\/"},"modified":"2026-03-08T16:18:11","modified_gmt":"2026-03-08T15:18:11","slug":"a-propos-de-moi","status":"publish","type":"page","link":"https:\/\/lara-manzini.com\/fr\/a-propos-de-moi\/","title":{"rendered":"\u00c0 propos"},"content":{"rendered":"\t\t<div data-elementor-type=\"wp-page\" data-elementor-id=\"1488\" class=\"elementor elementor-1488 elementor-55\" data-elementor-post-type=\"page\">\n\t\t\t\t<div class=\"elementor-element elementor-element-66d566f e-flex e-con-boxed e-con e-parent\" data-id=\"66d566f\" data-element_type=\"container\" data-e-type=\"container\">\n\t\t\t\t\t<div class=\"e-con-inner\">\n\t\t\t\t<div class=\"elementor-element elementor-element-75d1d99 uael-heading-align-center elementor-widget elementor-widget-uael-advanced-heading\" data-id=\"75d1d99\" data-element_type=\"widget\" data-e-type=\"widget\" data-widget_type=\"uael-advanced-heading.default\">\n\t\t\t\t<div class=\"elementor-widget-container\">\n\t\t\t\t\t\n\t\t<div class=\"uael-module-content uael-heading-wrapper\">\n\t\t\t\t\t\t\n\t\t\t<h1 class=\"uael-heading\">\n\t\t\t\t\t\t\t\t\t\t<span class=\"uael-heading-text elementor-inline-editing uael-size--default\" data-elementor-setting-key=\"heading_title\" data-elementor-inline-editing-toolbar=\"basic\">\u00c0 propos<\/span>\n\t\t\t\t\t\t\t<\/h1>\n\n\t\t\t\t\t\t\t<div class=\"uael-sub-heading elementor-inline-editing\" data-elementor-setting-key=\"sub_heading\" data-elementor-inline-editing-toolbar=\"advanced\" >Mon travail, mon parcours, ma vision<\/div>\n\t\t\t\n\t\t\t\n\t\t\t\n\t\t\t\t\t\t\t<div class=\"uael-module-content uael-separator-parent\">\n\t\t\t\t\t\t\t\t\t\t\t\t\t<div class=\"uael-separator\"><\/div>\n\t\t\t\t\t\t\t<\/div>\n\t\t\t\t\t<\/div>\n\t\t\t\t\t\t<\/div>\n\t\t\t\t<\/div>\n\t\t\t\t\t<\/div>\n\t\t\t\t<\/div>\n\t\t<div class=\"elementor-element elementor-element-0942830 e-flex e-con-boxed e-con e-parent\" data-id=\"0942830\" data-element_type=\"container\" data-e-type=\"container\">\n\t\t\t\t\t<div class=\"e-con-inner\">\n\t\t<div class=\"elementor-element elementor-element-e897c9d e-con-full e-flex e-con e-child\" data-id=\"e897c9d\" data-element_type=\"container\" data-e-type=\"container\">\n\t\t\t\t<div class=\"elementor-element elementor-element-6a26b8e elementor-widget__width-initial elementor-widget elementor-widget-image\" data-id=\"6a26b8e\" data-element_type=\"widget\" data-e-type=\"widget\" data-widget_type=\"image.default\">\n\t\t\t\t<div class=\"elementor-widget-container\">\n\t\t\t\t\t\t\t\t\t\t\t\t\t\t\t<img fetchpriority=\"high\" decoding=\"async\" width=\"1152\" height=\"1536\" src=\"https:\/\/lara-manzini.com\/wp-content\/uploads\/2026\/03\/IMG_9555-1-1152x1536.jpeg\" class=\"attachment-1536x1536 size-1536x1536 wp-image-2739\" alt=\"\" srcset=\"https:\/\/lara-manzini.com\/wp-content\/uploads\/2026\/03\/IMG_9555-1-1152x1536.jpeg 1152w, https:\/\/lara-manzini.com\/wp-content\/uploads\/2026\/03\/IMG_9555-1-225x300.jpeg 225w, https:\/\/lara-manzini.com\/wp-content\/uploads\/2026\/03\/IMG_9555-1-768x1024.jpeg 768w, https:\/\/lara-manzini.com\/wp-content\/uploads\/2026\/03\/IMG_9555-1-1536x2048.jpeg 1536w, https:\/\/lara-manzini.com\/wp-content\/uploads\/2026\/03\/IMG_9555-1-600x800.jpeg 600w, https:\/\/lara-manzini.com\/wp-content\/uploads\/2026\/03\/IMG_9555-1-scaled.jpeg 1920w\" sizes=\"(max-width: 1152px) 100vw, 1152px\" \/>\t\t\t\t\t\t\t\t\t\t\t\t\t\t\t<\/div>\n\t\t\t\t<\/div>\n\t\t\t\t<\/div>\n\t\t<div class=\"elementor-element elementor-element-823d4cc e-con-full e-flex e-con e-child\" data-id=\"823d4cc\" data-element_type=\"container\" data-e-type=\"container\">\n\t\t\t\t<div class=\"elementor-element elementor-element-c3eacd9 elementor-widget elementor-widget-heading\" data-id=\"c3eacd9\" data-element_type=\"widget\" data-e-type=\"widget\" data-widget_type=\"heading.default\">\n\t\t\t\t<div class=\"elementor-widget-container\">\n\t\t\t\t\t<h2 class=\"elementor-heading-title elementor-size-default\">La recherche d'un langage pictural<\/h2>\t\t\t\t<\/div>\n\t\t\t\t<\/div>\n\t\t\t\t<div class=\"elementor-element elementor-element-0397388 elementor-widget elementor-widget-text-editor\" data-id=\"0397388\" data-element_type=\"widget\" data-e-type=\"widget\" data-widget_type=\"text-editor.default\">\n\t\t\t\t<div class=\"elementor-widget-container\">\n\t\t\t\t\t\t\t\t\t<p>N\u00e9e et \u00e9lev\u00e9e dans le canton de Vaud en Suisse, issue de milieux culturels diff\u00e9rents &#8211; France <em>(c\u00f4te m\u00e9diterran\u00e9enne)<\/em>, Italie, Turquie<em> (Istanbul)<\/em>&#8211; mon travail artistique explore l&rsquo;identit\u00e9 culturelle et la n\u00e9cessit\u00e9 de cr\u00e9er un langage pictural qui unifie toutes les diff\u00e9rentes cultures qui m&rsquo;ont fa\u00e7onn\u00e9e. Ma d\u00e9marche artistique se situe \u00e0 l&rsquo;intersection de l&rsquo;art brut, de l&rsquo;artisanat et de l&rsquo;abstraction. Je consid\u00e8re chaque mati\u00e8re comme un univers en soi, et les couleurs m&rsquo;aident \u00e0 traduire les sensations et \u00e0 exprimer les \u00e9motions. Mes ann\u00e9es d&rsquo;\u00e9tudes \u00e0 Paris en arch\u00e9ologie (Sorbonne 1), histoire de l&rsquo;art et m\u00e9diation culturelle (IESA) m&rsquo;ont ouvert les yeux et ont fa\u00e7onn\u00e9 mon parcours artistique. La Turquie, et plus particuli\u00e8rement la ville d&rsquo;Istanbul d&rsquo;o\u00f9 est originaire une partie de ma famille, a \u00e9t\u00e9 pour moi une source d&rsquo;inspiration constante. J&rsquo;ai eu la chance d&rsquo;\u00eatre entour\u00e9e dans ma famille de femmes sensibles et curieuses qui m&rsquo;ont fait d\u00e9couvrir l&rsquo;artisanat traditionnel turc, l&rsquo;art moderne et contemporain turc. <span style=\"font-style: inherit;\">Lorsque je suis retourn\u00e9e en Suisse<\/span><span style=\"font-style: inherit;\"> apr\u00e8s mes \u00e9tudes \u00e0 Paris, ma vie a radicalement chang\u00e9 en raison de mon \u00e9tat de sant\u00e9. J&rsquo;ai  <\/span><span style=\"font-style: inherit;\"> travaill\u00e9<\/span><span style=\"font-style: inherit;\"> pendant plusieurs ann\u00e9es dans l&rsquo;Ouest lausannois, dans le canton de Vaud, en tant que m\u00e9diatrice culturelle <\/span> <span style=\"font-style: inherit;\">menant des projets artistiques avec des adolescents. Le travail avec les adolescents a \u00e9t\u00e9 une r\u00e9v\u00e9lation pour moi et m&rsquo;a amen\u00e9e \u00e0 devenir art-th\u00e9rapeute (HES-SO). En  <\/span><span style=\"font-size: 16px;\">janvier 2026, <\/span><span style=\"font-size: 16px;\">j&rsquo;ai fond\u00e9 Nuances Divergentes <\/span><span style=\"font-size: 16px;\"> www.nuancesdivergentes.ch, mon cabinet priv\u00e9 d&rsquo;art-th\u00e9rapie<\/span><em style=\"font-size: 16px;\">.<\/em><\/p>\t\t\t\t\t\t\t\t<\/div>\n\t\t\t\t<\/div>\n\t\t\t\t<\/div>\n\t\t\t\t\t<\/div>\n\t\t\t\t<\/div>\n\t\t<div class=\"elementor-element elementor-element-2f57027 e-flex e-con-boxed e-con e-parent\" data-id=\"2f57027\" data-element_type=\"container\" data-e-type=\"container\">\n\t\t\t\t\t<div class=\"e-con-inner\">\n\t\t\t\t\t<\/div>\n\t\t\t\t<\/div>\n\t\t\t\t<\/div>\n\t\t","protected":false},"excerpt":{"rendered":"<p>\u00c0 propos Mon travail, mon parcours, ma vision La recherche d&rsquo;un langage pictural N\u00e9e et \u00e9lev\u00e9e dans le canton de Vaud en Suisse, issue de milieux culturels diff\u00e9rents &#8211; France (c\u00f4te m\u00e9diterran\u00e9enne), Italie, Turquie (Istanbul)&#8211; mon travail artistique explore l&rsquo;identit\u00e9 culturelle et la n\u00e9cessit\u00e9 de cr\u00e9er un langage pictural qui unifie toutes les diff\u00e9rentes cultures &hellip;<\/p>\n<p class=\"read-more\"> <a class=\"\" href=\"https:\/\/lara-manzini.com\/fr\/a-propos-de-moi\/\"> <span class=\"screen-reader-text\">\u00c0 propos<\/span> Lire la suite\u00a0\u00bb<\/a><\/p>\n","protected":false},"author":1,"featured_media":0,"parent":0,"menu_order":0,"comment_status":"closed","ping_status":"closed","template":"","meta":{"site-sidebar-layout":"no-sidebar","site-content-layout":"page-builder","ast-global-header-display":"","ast-main-header-display":"","ast-hfb-above-header-display":"","ast-hfb-below-header-display":"","ast-hfb-mobile-header-display":"","site-post-title":"disabled","ast-breadcrumbs-content":"","ast-featured-img":"disabled","footer-sml-layout":"","theme-transparent-header-meta":"","adv-header-id-meta":"","stick-header-meta":"","header-above-stick-meta":"","header-main-stick-meta":"","header-below-stick-meta":"","footnotes":""},"class_list":["post-1488","page","type-page","status-publish","hentry"],"_links":{"self":[{"href":"https:\/\/lara-manzini.com\/fr\/wp-json\/wp\/v2\/pages\/1488","targetHints":{"allow":["GET"]}}],"collection":[{"href":"https:\/\/lara-manzini.com\/fr\/wp-json\/wp\/v2\/pages"}],"about":[{"href":"https:\/\/lara-manzini.com\/fr\/wp-json\/wp\/v2\/types\/page"}],"author":[{"embeddable":true,"href":"https:\/\/lara-manzini.com\/fr\/wp-json\/wp\/v2\/users\/1"}],"replies":[{"embeddable":true,"href":"https:\/\/lara-manzini.com\/fr\/wp-json\/wp\/v2\/comments?post=1488"}],"version-history":[{"count":23,"href":"https:\/\/lara-manzini.com\/fr\/wp-json\/wp\/v2\/pages\/1488\/revisions"}],"predecessor-version":[{"id":2891,"href":"https:\/\/lara-manzini.com\/fr\/wp-json\/wp\/v2\/pages\/1488\/revisions\/2891"}],"wp:attachment":[{"href":"https:\/\/lara-manzini.com\/fr\/wp-json\/wp\/v2\/media?parent=1488"}],"curies":[{"name":"wp","href":"https:\/\/api.w.org\/{rel}","templated":true}]}}