{"id":1483,"date":"2023-04-21T14:55:19","date_gmt":"2023-04-21T12:55:19","guid":{"rendered":"https:\/\/lara-manzini.com\/mentions-legales\/"},"modified":"2023-09-26T11:35:55","modified_gmt":"2023-09-26T09:35:55","slug":"mentions-legales","status":"publish","type":"page","link":"https:\/\/lara-manzini.com\/fr\/mentions-legales\/","title":{"rendered":"Mentions L\u00e9gales"},"content":{"rendered":"\t\t<div data-elementor-type=\"wp-page\" data-elementor-id=\"1483\" class=\"elementor elementor-1483 elementor-77\" data-elementor-post-type=\"page\">\n\t\t\t\t<div class=\"elementor-element elementor-element-111009d e-flex e-con-boxed e-con e-parent\" data-id=\"111009d\" data-element_type=\"container\" data-e-type=\"container\">\n\t\t\t\t\t<div class=\"e-con-inner\">\n\t\t\t\t<div class=\"elementor-element elementor-element-f82e7e8 uael-heading-align-center elementor-widget elementor-widget-uael-advanced-heading\" data-id=\"f82e7e8\" data-element_type=\"widget\" data-e-type=\"widget\" data-widget_type=\"uael-advanced-heading.default\">\n\t\t\t\t<div class=\"elementor-widget-container\">\n\t\t\t\t\t\n\t\t<div class=\"uael-module-content uael-heading-wrapper\">\n\t\t\t\t\t\t\n\t\t\t<h1 class=\"uael-heading\">\n\t\t\t\t\t\t\t\t\t\t<span class=\"uael-heading-text elementor-inline-editing uael-size--default\" data-elementor-setting-key=\"heading_title\" data-elementor-inline-editing-toolbar=\"basic\">Mentions L\u00e9gales<\/span>\n\t\t\t\t\t\t\t<\/h1>\n\n\t\t\t\t\t\t\t<div class=\"uael-sub-heading elementor-inline-editing\" data-elementor-setting-key=\"sub_heading\" data-elementor-inline-editing-toolbar=\"advanced\" >Mes informations l\u00e9gales<\/div>\n\t\t\t\n\t\t\t\n\t\t\t\n\t\t\t\t\t\t\t<div class=\"uael-module-content uael-separator-parent\">\n\t\t\t\t\t\t\t\t\t\t\t\t\t<div class=\"uael-separator\"><\/div>\n\t\t\t\t\t\t\t<\/div>\n\t\t\t\t\t<\/div>\n\t\t\t\t\t\t<\/div>\n\t\t\t\t<\/div>\n\t\t\t\t\t<\/div>\n\t\t\t\t<\/div>\n\t\t<div class=\"elementor-element elementor-element-8593f7e e-flex e-con-boxed e-con e-parent\" data-id=\"8593f7e\" data-element_type=\"container\" data-e-type=\"container\">\n\t\t\t\t\t<div class=\"e-con-inner\">\n\t\t\t\t<div class=\"elementor-element elementor-element-ae688b5 elementor-widget elementor-widget-text-editor\" data-id=\"ae688b5\" data-element_type=\"widget\" data-e-type=\"widget\" data-widget_type=\"text-editor.default\">\n\t\t\t\t<div class=\"elementor-widget-container\">\n\t\t\t\t\t\t\t\t\t<p><strong>INFORMATION \u00c9DITEUR :<\/strong><br>ManziniLBlue est une entreprise individuelle dont le si\u00e8ge social est situ\u00e9 \u00e0 Ch. de Boisy 29a, 1004, Lausanne.<\/p>\n<p><span style=\"color: var( --e-global-color-primary ); background-color: var(--ast-global-color-5);\">ManziniLBlue<\/span>&nbsp; est dirig\u00e9e par Lara Manzini en sa qualit\u00e9s de directrice.<br>Le site internet www.lara-manzini.com et le syst\u00e8me de vente sur ce site est exploit\u00e9 par ManziniLBlue joignable par courriel \u00e0 l\u2019adresse contact@lara-manzini.com.<\/p>\n<p><strong>H\u00c9BERGEUR DU SITE :<\/strong><br>Infomaniak Network SA, entreprise suisse IDE CHE-103.167.648<br>Registre du commerce du canton de Gen\u00e8ve CH-660.0.059.996-1<br>Les Acacias, Gen\u00e8ve, Suisse<br>Directeur de la publication : Lara Manzini<\/p>\n<p><strong>DROIT DE REPRODUCTION :<\/strong><br>\u00ab Tous les visuels, textes, scripts et sons se trouvant sur le site www.lara-manzini.com sont prot\u00e9g\u00e9s par des droits d\u2019auteurs qui appartiennent soient \u00e0 ManziniLBlue&nbsp;, soit \u00e0 ses partenaires et aucun client, visiteur ou tout autre tiers ne peut sans demande pr\u00e9alable et r\u00e9ponse \u00e9crite favorable par le directeur de publication, utiliser ces \u00e9l\u00e9ments visuels. Toute reproduction sans autorisation sera passible de poursuite p\u00e9nale. Seuls les liens du site &nbsp;www.lara-manzini.com sont publiables dans la mesure o\u00f9 l\u2019URL appara\u00eet. \u00bb   <\/p>\t\t\t\t\t\t\t\t<\/div>\n\t\t\t\t<\/div>\n\t\t\t\t\t<\/div>\n\t\t\t\t<\/div>\n\t\t\t\t<\/div>\n\t\t","protected":false},"excerpt":{"rendered":"<p>Mentions L\u00e9gales Mes informations l\u00e9gales INFORMATION \u00c9DITEUR :ManziniLBlue est une entreprise individuelle dont le si\u00e8ge social est situ\u00e9 \u00e0 Ch. de Boisy 29a, 1004, Lausanne. ManziniLBlue&nbsp; est dirig\u00e9e par Lara Manzini en sa qualit\u00e9s de directrice.Le site internet www.lara-manzini.com et le syst\u00e8me de vente sur ce site est exploit\u00e9 par ManziniLBlue joignable par courriel \u00e0 &hellip;<\/p>\n<p class=\"read-more\"> <a class=\"\" href=\"https:\/\/lara-manzini.com\/fr\/mentions-legales\/\"> <span class=\"screen-reader-text\">Mentions L\u00e9gales<\/span> Lire la suite\u00a0\u00bb<\/a><\/p>\n","protected":false},"author":1,"featured_media":0,"parent":0,"menu_order":0,"comment_status":"closed","ping_status":"closed","template":"","meta":{"site-sidebar-layout":"no-sidebar","site-content-layout":"page-builder","ast-global-header-display":"","ast-main-header-display":"","ast-hfb-above-header-display":"","ast-hfb-below-header-display":"","ast-hfb-mobile-header-display":"","site-post-title":"disabled","ast-breadcrumbs-content":"","ast-featured-img":"disabled","footer-sml-layout":"","theme-transparent-header-meta":"","adv-header-id-meta":"","stick-header-meta":"","header-above-stick-meta":"","header-main-stick-meta":"","header-below-stick-meta":"","footnotes":""},"class_list":["post-1483","page","type-page","status-publish","hentry"],"_links":{"self":[{"href":"https:\/\/lara-manzini.com\/fr\/wp-json\/wp\/v2\/pages\/1483","targetHints":{"allow":["GET"]}}],"collection":[{"href":"https:\/\/lara-manzini.com\/fr\/wp-json\/wp\/v2\/pages"}],"about":[{"href":"https:\/\/lara-manzini.com\/fr\/wp-json\/wp\/v2\/types\/page"}],"author":[{"embeddable":true,"href":"https:\/\/lara-manzini.com\/fr\/wp-json\/wp\/v2\/users\/1"}],"replies":[{"embeddable":true,"href":"https:\/\/lara-manzini.com\/fr\/wp-json\/wp\/v2\/comments?post=1483"}],"version-history":[{"count":3,"href":"https:\/\/lara-manzini.com\/fr\/wp-json\/wp\/v2\/pages\/1483\/revisions"}],"predecessor-version":[{"id":2416,"href":"https:\/\/lara-manzini.com\/fr\/wp-json\/wp\/v2\/pages\/1483\/revisions\/2416"}],"wp:attachment":[{"href":"https:\/\/lara-manzini.com\/fr\/wp-json\/wp\/v2\/media?parent=1483"}],"curies":[{"name":"wp","href":"https:\/\/api.w.org\/{rel}","templated":true}]}}