{"id":1475,"date":"2023-04-21T15:00:45","date_gmt":"2023-04-21T13:00:45","guid":{"rendered":"https:\/\/lara-manzini.com\/politique-de-confidentialitee\/"},"modified":"2023-06-26T16:44:44","modified_gmt":"2023-06-26T14:44:44","slug":"politique-de-confidentialitee","status":"publish","type":"page","link":"https:\/\/lara-manzini.com\/fr\/politique-de-confidentialitee\/","title":{"rendered":"CONFIDENTIALIT\u00c9E"},"content":{"rendered":"\t\t<div data-elementor-type=\"wp-page\" data-elementor-id=\"1475\" class=\"elementor elementor-1475 elementor-89\" data-elementor-post-type=\"page\">\n\t\t\t\t<div class=\"elementor-element elementor-element-17f942e e-flex e-con-boxed e-con e-parent\" data-id=\"17f942e\" data-element_type=\"container\" data-e-type=\"container\">\n\t\t\t\t\t<div class=\"e-con-inner\">\n\t\t\t\t<div class=\"elementor-element elementor-element-23a98ac uael-heading-align-center elementor-widget elementor-widget-uael-advanced-heading\" data-id=\"23a98ac\" data-element_type=\"widget\" data-e-type=\"widget\" data-widget_type=\"uael-advanced-heading.default\">\n\t\t\t\t<div class=\"elementor-widget-container\">\n\t\t\t\t\t\n\t\t<div class=\"uael-module-content uael-heading-wrapper\">\n\t\t\t\t\t\t\n\t\t\t<h1 class=\"uael-heading\">\n\t\t\t\t\t\t\t\t\t\t<span class=\"uael-heading-text elementor-inline-editing uael-size--default\" data-elementor-setting-key=\"heading_title\" data-elementor-inline-editing-toolbar=\"basic\">POLITIQUE DE CONFIDENTIALIT\u00c9E<\/span>\n\t\t\t\t\t\t\t<\/h1>\n\n\t\t\t\t\t\t\t<div class=\"uael-sub-heading elementor-inline-editing\" data-elementor-setting-key=\"sub_heading\" data-elementor-inline-editing-toolbar=\"advanced\" >Comment je traite vos informations<\/div>\n\t\t\t\n\t\t\t\n\t\t\t\n\t\t\t\t\t\t\t<div class=\"uael-module-content uael-separator-parent\">\n\t\t\t\t\t\t\t\t\t\t\t\t\t<div class=\"uael-separator\"><\/div>\n\t\t\t\t\t\t\t<\/div>\n\t\t\t\t\t<\/div>\n\t\t\t\t\t\t<\/div>\n\t\t\t\t<\/div>\n\t\t\t\t\t<\/div>\n\t\t\t\t<\/div>\n\t\t<div class=\"elementor-element elementor-element-18bab1b e-flex e-con-boxed e-con e-parent\" data-id=\"18bab1b\" data-element_type=\"container\" data-e-type=\"container\">\n\t\t\t\t\t<div class=\"e-con-inner\">\n\t\t\t\t<div class=\"elementor-element elementor-element-23ba97f elementor-widget elementor-widget-text-editor\" data-id=\"23ba97f\" data-element_type=\"widget\" data-e-type=\"widget\" data-widget_type=\"text-editor.default\">\n\t\t\t\t<div class=\"elementor-widget-container\">\n\t\t\t\t\t\t\t\t\t<p>La pr\u00e9sente politique de confidentialit\u00e9 r\u00e9git la fa\u00e7on dont ManziniLBlue utilise, conserve et d\u00e9voile des informations recueillies aupr\u00e8s des acheteur ou des simples utilisateurs (ci-apr\u00e8s \u00ab utilisateur \u00bb \u00e0 titre individuel ou des \u00ab utilisateurs \u00bb \u00e0 titre collectif) de la plateforme lara-manzini.com (ci-apr\u00e8s \u00ab site web \u00bb).<\/p>\n<p><strong>I- Conformit\u00e9 \u00e0 la l\u00e9gislation r\u00e9gissant la protection des donn\u00e9es personnelles<\/strong><br>ManziniLBlue reconna\u00eet et s\u2019engage \u00e0 respecter les lois et r\u00e8glements r\u00e9gissant la protection des donn\u00e9es personnelles, y compris, mais sans s\u2019y limiter, le r\u00e8glement (UE) 2016\/679 du Parlement et du Conseil du 27 avril 2016 sur la protection des personnes en ce qui concerne le traitement des donn\u00e9es personnelles et sur la libre circulation de ces donn\u00e9es (le \u00ab RGPD \u00bb) et toute autre loi ou r\u00e8glementation nationale applicable r\u00e9gissant le traitement de ces donn\u00e9es personnelles.<\/p>\n<p><strong>II- Contact<\/strong><br>ManziniLBlue agit en tant que responsable du traitement des donn\u00e9es et a nomm\u00e9 un D\u00e9l\u00e9gu\u00e9 \u00e0 la Protection des Donn\u00e9es (DPO) pouvant \u00eatre contact\u00e9 par courriel \u00e0 l\u2019adresse contact@lara-manzini.com.<\/p>\n<p><b>III- Pourquoi ManziniLBlue collecte-elle de&nbsp;s donn\u00e9es personnelles ?<\/b><br>La collecte de donn\u00e9es personnelles n\u2019est pas n\u00e9cessaire pour la simple navigation sur le site web. Celle-ci n\u2019est requise qu\u2019en cas d\u2019inscription de l\u2019utilisateur sur le site web permettant l\u2019achat de produits ou services en ligne par les acheteurs (ci-apr\u00e8s \u00ab services \u00bb).<\/p>\n<p><strong>IV- Types de donn\u00e9es collect\u00e9es<\/strong><br>ManziniLBlue collecte et traite notamment le nom, pr\u00e9nom, adresse, courriel, mot de passe, num\u00e9ro de t\u00e9l\u00e9phone, adresse IP, donn\u00e9es de connexions, donn\u00e9es de navigation, historiques de commandes, pr\u00e9f\u00e9rences, centres d\u2019int\u00e9r\u00eats, produits consult\u00e9s, incidents de livraisons, r\u00e9clamations et des donn\u00e9es d\u2019analyses comportementales. Dans certains cas, les donn\u00e9es de localisation sont collect\u00e9es pour proposer aux utilisateurs une exp\u00e9rience de navigation sur le site web adapt\u00e9e \u00e0 leur r\u00e9gion. Pour la seule ex\u00e9cution des achats, des informations relatives aux cartes bancaires de l\u2019utilisateur seront demand\u00e9es. Ces donn\u00e9es ne sont pas stock\u00e9es chez ManziniLBlue , mais chez des prestataires de services de paiement (Stripe et TWINT). ManziniLBlue ne stocke qu\u2019un jeton d\u2019authenticit\u00e9 comme r\u00e9f\u00e9rence permettant d\u2019indiquer au service de paiement ManziniLBlue si un paiement a r\u00e9ussi ou s\u2019il a \u00e9chou\u00e9. Le caract\u00e8re obligatoire ou facultatif de la collecte des donn\u00e9es est signal\u00e9 lors de la collecte par un ast\u00e9risque. Certaines donn\u00e9es sont collect\u00e9es automatiquement du fait des actions de l\u2019utilisateur sur le site web.      <\/p>\n<p><strong>V- Cookies<\/strong><br>ManziniLBlue peut utiliser des \u00ab cookies \u00bb pour am\u00e9liorer l\u2019utilisation du site web par les utilisateurs. Les cookies sont de petits fichiers texte que le navigateur Internet de l\u2019utilisateur stocke dans le disque de ce dernier afin de recueillir un ensemble de donn\u00e9es utilis\u00e9es en vue de personnaliser la navigation sur le site web et d\u2019acc\u00e9der \u00e0 certaines fonctionnalit\u00e9s uniques. L\u2019utilisation de cookies permet par exemple \u00e0 l\u2019utilisateur de conserver les marchandises s\u00e9lectionn\u00e9es dans son panier et de poursuivre ses achats. Pour plus d\u2019informations sur l\u2019utilisation des cookies, veuillez consulter la politique d\u2019utilisation des cookies de ManziniLBlue disponible sur le site web.   <\/p>\n<p><b>VI- Comment ManziniLBlue utilise mes donn\u00e9es personnelles&nbsp;<\/b><br>Les donn\u00e9es personnelles des utilisateurs sont exclusivement utilis\u00e9es dans le cadre de la fourniture des services et le bon fonctionnement du site. Dans ce contexte, ManziniLBlue peut recueillir et utiliser des donn\u00e9es personnelles aux fins suivantes : <br>(i) Pour le fonctionnement des services :<br>Lors de la cr\u00e9ation du compte utilisateur : les utilisateurs peuvent cr\u00e9er un profil sur le site web pendant ou pr\u00e9alablement \u00e0 un achat. Un identifiant, un courriel et un mot de passe sont obligatoires pour la cr\u00e9ation d\u2019un compte utilisateur. <br>Lors d\u2019une commande : ManziniLBlue collecte le nom, pr\u00e9nom, adresse de livraison, adresse de facturation, num\u00e9ro de t\u00e9l\u00e9phone et coordonn\u00e9es bancaires afin d\u2019effectuer la commande. ManziniLBlue communique les donn\u00e9es personnelles n\u00e9cessaires \u00e0 la r\u00e9alisation de la commande \u00e0 ses partenaires qu\u2019une fois l\u2019achat valid\u00e9 et le paiement effectu\u00e9. <br>Lors de la livraison. : le num\u00e9ro de t\u00e9l\u00e9phone et l\u2019adresse e-mail de l\u2019utilisateur peuvent \u00eatre utilis\u00e9s pour l\u2019informer de la date de livraison ou de la possibilit\u00e9 de retirer les marchandises command\u00e9es. <br>(ii) Pour des analyses comportementales : pour am\u00e9liorer les services offerts aux utilisateurs: les informations fournies par les utilisateurs aideront ManziniLBlue \u00e0 r\u00e9pondre \u00e0 certaines de leurs demandes. Ce traitement implique une technique de profilage. <br>(iii) Pour personnaliser l\u2019exp\u00e9rience des utilisateurs : ManziniLBlue peut utiliser des donn\u00e9es personnelles pour comprendre la fa\u00e7on dont les utilisateurs en tant que groupe utilisent les services propos\u00e9s par ManziniLBlue. ManziniLBlue collecte ainsi des donn\u00e9es relatives aux produits et pages consult\u00e9s par les utilisateurs afin d\u2019analyser les comportements des utilisateurs du site web. <\/p>\n<p>Ces donn\u00e9es ne sont utilis\u00e9es que dans un cadre exclusivement interne et confidentiel et ne sont en aucun cas communiqu\u00e9es \u00e0 un quelconque public. <br>(iv) Pour am\u00e9liorer la qualit\u00e9 du site web et toute autre pr\u00e9sence en ligne : ManziniLBlue peut utiliser le retour d\u2019exp\u00e9rience fourni par l\u2019utilisateur pour am\u00e9liorer ses produits et services.<br>(v) Pour envoyer des courriels p\u00e9riodiques ainsi que d\u2019autres messages de texte ou notifications lorsque l\u2019utilisateur d\u00e9cide d\u2019opter pour l\u2019envoi d\u2019offres commerciales. Dans le cas o\u00f9 l\u2019utilisateur souhaiterait, \u00e0 quelque moments que ce soit, se d\u00e9sinscrire de ce service, ManziniLBlue ins\u00e8re au bas de chaque e-mail ou message texte des instructions d\u00e9taill\u00e9es en vue de la d\u00e9sinscription. <\/p>\n<p><strong>VII- Exactitude et minimisation des donn\u00e9es<\/strong><br>ManziniLBlue s\u2019engage \u00e0 prendre les mesures raisonnables pour :<br>s\u2019assurer que les donn\u00e9es personnelles soient exactes et, si n\u00e9cessaire, mises \u00e0 jour ; s\u2019assurer que les donn\u00e9es personnelles soient collect\u00e9es en fonction des besoins d\u00e9finis dans la pr\u00e9sente politique de confidentialit\u00e9. Les donn\u00e9es personnelles ne seront pas utilis\u00e9es \u00e0 d\u2019autres fins, \u00e0 moins que l\u2019utilisateur n\u2019ait express\u00e9ment donn\u00e9 son accord pour l\u2019utilisation ult\u00e9rieure de ses donn\u00e9es personnelles, notamment de son courriel \u00e0 des fins publicitaires. <\/p>\n<p><strong>VIII- Partage de donn\u00e9es personnelles<\/strong><br>ManziniLBlue s\u2019engage \u00e0 ne pas transf\u00e9rer les donn\u00e9es personnelles \u00e0 des tiers sans le consentement expr\u00e8s des utilisateurs. Tout utilisateur accepte que ses donn\u00e9es personnelles puissent \u00eatre transmises aux sous-contractants assistant ManziniLBlue dans la fourniture des services, notamment pour la production, les paiements et les livraisons, pour autant que ces sous-contractants s\u2019engagent \u00e0 traiter ces informations uniquement selon les instructions de ManziniLBlue et \u00e0 se conformer aux lois applicables concernant la protection des donn\u00e9es \u00e0 caract\u00e8re personnel. ManziniLBlue peut \u00e9galement divulguer les donn\u00e9es personnelles de l\u2019utilisateur lorsque cette divulgation est n\u00e9cessaire pour se conformer \u00e0 la loi, faire respecter les conditions g\u00e9n\u00e9rales d\u2019utilisation du site web, ou prot\u00e9ger ses droits, ses biens ou sa s\u00e9curit\u00e9, ou ceux d\u2019autrui. Toute autre transmission de donn\u00e9es personnelles \u00e0 des tiers n\u00e9cessite le consentement expr\u00e8s de l\u2019utilisateur.   <\/p>\n<p><b>IX- Comment ManziniLBlue prot\u00e8ge vos donn\u00e9es personnelles&nbsp;<\/b><br>ManziniLBlue adopte des pratiques et mesures de s\u00e9curit\u00e9 appropri\u00e9es en mati\u00e8re de collecte, stockage et traitement de donn\u00e9es en vue de la protection contre l\u2019acc\u00e8s non autoris\u00e9, la falsification, la divulgation ou la destruction des donn\u00e9es d\u2019identification \u00e0 caract\u00e8re personnel dans les limites du r\u00f4le de ManziniLBlue dans le cadre du service respectif, \u00e9tant donn\u00e9 que certains services sp\u00e9cifiques peuvent \u00eatre prest\u00e9s par des tiers.<\/p>\n<p><strong>X- S\u00e9curit\u00e9 et transfert de donn\u00e9es<\/strong><br>ManziniLBlue a mis en place des mesures de s\u00e9curit\u00e9 technique et organisationnelle appropri\u00e9es pour prot\u00e9ger vos donn\u00e9es personnelles contre la destruction accidentelle ou illicite, la perte, la modification, la divulgation non autoris\u00e9e, l\u2019acc\u00e8s non autoris\u00e9 et d\u2019autres formes de traitement ill\u00e9gaux ou non autoris\u00e9s. Il rel\u00e8ve \u00e9galement de la responsabilit\u00e9 des utilisateurs de s\u2019assurer que toutes les donn\u00e9es personnelles qu\u2019ils envoient le sont en toute s\u00e9curit\u00e9. ManziniLBlue ne transf\u00e8re pas de donn\u00e9es personnelles en dehors de l\u2019Union Europ\u00e9enne, ni vers une organisation internationale.  <\/p>\n<p><strong>XI- Dur\u00e9e de conservation des donn\u00e9es<\/strong><br>Les donn\u00e9es personnelles de l\u2019utilisateur seront conserv\u00e9es durant une p\u00e9riode de 36 mois \u00e0 compter de la derni\u00e8re connexion sur le site web, et ce conform\u00e9ment aux obligations du RGPD. Si durant ce d\u00e9lai l\u2019utilisateur n\u2019utilise pas les services offerts par ManziniLBlue, son compte utilisateur sera supprim\u00e9 ainsi que l\u2019ensemble des donn\u00e9es personnelles qu\u2019il contient, sauf pour ce qui est des donn\u00e9es comportementales que ManziniLBlue rendra anonymes suivant un processus irr\u00e9versible et utilisera exclusivement en interne \u00e0 des fins d\u2019\u00e9valuation des comportements d\u2019achat et d\u2019optimisation de ses offres. Les utilisateurs seront avertis par email 4 semaines avant la suppression de leur compte et l\u2019anonymisation de leurs donn\u00e9es comportementales.  <\/p>\n<p><strong>XII- Droits des utilisateurs<\/strong><br>Chaque utilisateur b\u00e9n\u00e9ficie en vertu du RGPD d\u2019un droit d\u2019acc\u00e8s, de modification et d\u2019opposition au traitement de ses donn\u00e9es personnelles, d\u2019un droit d\u2019effacement et d\u2019un droit \u00e0 la portabilit\u00e9 de ses donn\u00e9es personnelles en envoyant un courriel \u00e0 l\u2019adresse contact@lara-manzini.com. Ces droits ne peuvent \u00eatre exerc\u00e9s que dans les limites de toute obligation contractuelle ou l\u00e9gale. <\/p>\n<p><strong>XIII- Changements apport\u00e9s \u00e0 la pr\u00e9sente Politique de Confidentialit\u00e9<\/strong><br>ManziniLBlue est susceptible de mettre \u00e0 jour la pr\u00e9sente Politique de Confidentialit\u00e9 \u00e0 tout moment. Les utilisateurs sont invit\u00e9s \u00e0 v\u00e9rifier fr\u00e9quemment si des changements ont \u00e9t\u00e9 apport\u00e9s \u00e0 la pr\u00e9sente page et reconnaissent qu\u2019il rel\u00e8ve de leur responsabilit\u00e9 d\u2019examiner r\u00e9guli\u00e8rement la pr\u00e9sente Politique de Confidentialit\u00e9 et de s\u2019informer de ses modifications. <\/p>\t\t\t\t\t\t\t\t<\/div>\n\t\t\t\t<\/div>\n\t\t\t\t\t<\/div>\n\t\t\t\t<\/div>\n\t\t\t\t<\/div>\n\t\t","protected":false},"excerpt":{"rendered":"<p>POLITIQUE DE CONFIDENTIALIT\u00c9E Comment je traite vos informations La pr\u00e9sente politique de confidentialit\u00e9 r\u00e9git la fa\u00e7on dont ManziniLBlue utilise, conserve et d\u00e9voile des informations recueillies aupr\u00e8s des acheteur ou des simples utilisateurs (ci-apr\u00e8s \u00ab utilisateur \u00bb \u00e0 titre individuel ou des \u00ab utilisateurs \u00bb \u00e0 titre collectif) de la plateforme lara-manzini.com (ci-apr\u00e8s \u00ab site web &hellip;<\/p>\n<p class=\"read-more\"> <a class=\"\" href=\"https:\/\/lara-manzini.com\/fr\/politique-de-confidentialitee\/\"> <span class=\"screen-reader-text\">CONFIDENTIALIT\u00c9E<\/span> Lire la suite\u00a0\u00bb<\/a><\/p>\n","protected":false},"author":1,"featured_media":0,"parent":0,"menu_order":0,"comment_status":"closed","ping_status":"closed","template":"","meta":{"site-sidebar-layout":"no-sidebar","site-content-layout":"page-builder","ast-global-header-display":"","ast-main-header-display":"","ast-hfb-above-header-display":"","ast-hfb-below-header-display":"","ast-hfb-mobile-header-display":"","site-post-title":"disabled","ast-breadcrumbs-content":"","ast-featured-img":"disabled","footer-sml-layout":"","theme-transparent-header-meta":"","adv-header-id-meta":"","stick-header-meta":"","header-above-stick-meta":"","header-main-stick-meta":"","header-below-stick-meta":"","footnotes":""},"class_list":["post-1475","page","type-page","status-publish","hentry"],"_links":{"self":[{"href":"https:\/\/lara-manzini.com\/fr\/wp-json\/wp\/v2\/pages\/1475","targetHints":{"allow":["GET"]}}],"collection":[{"href":"https:\/\/lara-manzini.com\/fr\/wp-json\/wp\/v2\/pages"}],"about":[{"href":"https:\/\/lara-manzini.com\/fr\/wp-json\/wp\/v2\/types\/page"}],"author":[{"embeddable":true,"href":"https:\/\/lara-manzini.com\/fr\/wp-json\/wp\/v2\/users\/1"}],"replies":[{"embeddable":true,"href":"https:\/\/lara-manzini.com\/fr\/wp-json\/wp\/v2\/comments?post=1475"}],"version-history":[{"count":3,"href":"https:\/\/lara-manzini.com\/fr\/wp-json\/wp\/v2\/pages\/1475\/revisions"}],"predecessor-version":[{"id":1482,"href":"https:\/\/lara-manzini.com\/fr\/wp-json\/wp\/v2\/pages\/1475\/revisions\/1482"}],"wp:attachment":[{"href":"https:\/\/lara-manzini.com\/fr\/wp-json\/wp\/v2\/media?parent=1475"}],"curies":[{"name":"wp","href":"https:\/\/api.w.org\/{rel}","templated":true}]}}