{"id":1437,"date":"2023-04-21T16:35:33","date_gmt":"2023-04-21T14:35:33","guid":{"rendered":"https:\/\/lara-manzini.com\/paiement\/"},"modified":"2023-09-13T20:11:18","modified_gmt":"2023-09-13T18:11:18","slug":"paiement","status":"publish","type":"page","link":"https:\/\/lara-manzini.com\/fr\/paiement\/","title":{"rendered":"Paiement"},"content":{"rendered":"\t\t<div data-elementor-type=\"wp-page\" data-elementor-id=\"1437\" class=\"elementor elementor-1437 elementor-144\" data-elementor-post-type=\"page\">\n\t\t\t\t<div class=\"elementor-element elementor-element-c22b932 e-flex e-con-boxed e-con e-parent\" data-id=\"c22b932\" data-element_type=\"container\" data-e-type=\"container\">\n\t\t\t\t\t<div class=\"e-con-inner\">\n\t\t\t\t<div class=\"elementor-element elementor-element-61494c4 uael-heading-align-center elementor-widget elementor-widget-uael-advanced-heading\" data-id=\"61494c4\" data-element_type=\"widget\" data-e-type=\"widget\" data-widget_type=\"uael-advanced-heading.default\">\n\t\t\t\t<div class=\"elementor-widget-container\">\n\t\t\t\t\t\n\t\t<div class=\"uael-module-content uael-heading-wrapper\">\n\t\t\t\t\t\t\n\t\t\t<h1 class=\"uael-heading\">\n\t\t\t\t\t\t\t\t\t\t<span class=\"uael-heading-text elementor-inline-editing uael-size--default\" data-elementor-setting-key=\"heading_title\" data-elementor-inline-editing-toolbar=\"basic\">Paiement<\/span>\n\t\t\t\t\t\t\t<\/h1>\n\n\t\t\t\t\t\t\t<div class=\"uael-sub-heading elementor-inline-editing\" data-elementor-setting-key=\"sub_heading\" data-elementor-inline-editing-toolbar=\"advanced\" ><p>Modes de paiements TWINT\/STRIPE<\/p><\/div>\n\t\t\t\n\t\t\t\n\t\t\t\n\t\t\t\t\t\t\t<div class=\"uael-module-content uael-separator-parent\">\n\t\t\t\t\t\t\t\t\t\t\t\t\t<div class=\"uael-separator\"><\/div>\n\t\t\t\t\t\t\t<\/div>\n\t\t\t\t\t<\/div>\n\t\t\t\t\t\t<\/div>\n\t\t\t\t<\/div>\n\t\t\t\t\t<\/div>\n\t\t\t\t<\/div>\n\t\t<div class=\"elementor-element elementor-element-12b0c9e e-flex e-con-boxed e-con e-parent\" data-id=\"12b0c9e\" data-element_type=\"container\" data-e-type=\"container\">\n\t\t\t\t\t<div class=\"e-con-inner\">\n\t\t\t\t<div class=\"elementor-element elementor-element-1c3dd6b elementor-widget elementor-widget-text-editor\" data-id=\"1c3dd6b\" data-element_type=\"widget\" data-e-type=\"widget\" data-widget_type=\"text-editor.default\">\n\t\t\t\t<div class=\"elementor-widget-container\">\n\t\t\t\t\t\t\t\t\t<p>Ce site est connect\u00e9 \u00e0 deux syst\u00e8mes de paiement s\u00e9curis\u00e9 de r\u00e9f\u00e9rence : Stripe et TWINT.<\/p>\n<p>Ces deux syst\u00e8mes de paiement font l&rsquo;objet d&rsquo;un syst\u00e8me de s\u00e9curit\u00e9 de type SSL (le cadenas dans votre barre d&rsquo;adresse suivi de https:\/\/ ). Nous avons adopt\u00e9 le processus de cryptage SSL pour l&rsquo;ensemble de notre site, qui est la r\u00e9f\u00e9rence actuelle en mati\u00e8re de cryptage des donn\u00e9es sur Internet. Toutes les donn\u00e9es sensibles li\u00e9es aux moyens de paiement sont ainsi prot\u00e9g\u00e9es.<\/p>\n<p><strong>Paiement par TWINT :<\/strong><br \/>Avec TWINT, payez facilement et en toute s\u00e9curit\u00e9 avec votre smartphone : \u00e0 la caisse du supermarch\u00e9, dans les boutiques en ligne, \u00e0 la ferme, chez des amis, dans les transports publics ou dans le parking. Avec plus de 5 millions d&rsquo;utilisateurs actifs, TWINT est la premi\u00e8re application de paiement en Suisse.<\/p>\n<p><strong>Paiement par Stripe :<\/strong><br \/>Stripe est un acteur majeur du paiement en ligne avec plus de 100 000 sites web clients. Stripe, comme toutes les solutions de paiement que nous avons choisies, est parfaitement s\u00e9curis\u00e9 : les donn\u00e9es de votre carte de cr\u00e9dit ne nous sont jamais transmises, m\u00eame si vous les saisissez simplement sur notre site.<\/p>\n\t\t\t\t\t\t\t\t<\/div>\n\t\t\t\t<\/div>\n\t\t\t\t\t<\/div>\n\t\t\t\t<\/div>\n\t\t\t\t<\/div>\n\t\t","protected":false},"excerpt":{"rendered":"<p>Paiement Modes de paiements TWINT\/STRIPE Ce site est connect\u00e9 \u00e0 deux syst\u00e8mes de paiement s\u00e9curis\u00e9 de r\u00e9f\u00e9rence : Stripe et TWINT. Ces deux syst\u00e8mes de paiement font l&rsquo;objet d&rsquo;un syst\u00e8me de s\u00e9curit\u00e9 de type SSL (le cadenas dans votre barre d&rsquo;adresse suivi de https:\/\/ ). Nous avons adopt\u00e9 le processus de cryptage SSL pour l&rsquo;ensemble &hellip;<\/p>\n<p class=\"read-more\"> <a class=\"\" href=\"https:\/\/lara-manzini.com\/fr\/paiement\/\"> <span class=\"screen-reader-text\">Paiement<\/span> Lire la suite\u00a0\u00bb<\/a><\/p>\n","protected":false},"author":1,"featured_media":0,"parent":0,"menu_order":0,"comment_status":"closed","ping_status":"closed","template":"","meta":{"site-sidebar-layout":"no-sidebar","site-content-layout":"page-builder","ast-global-header-display":"","ast-main-header-display":"","ast-hfb-above-header-display":"","ast-hfb-below-header-display":"","ast-hfb-mobile-header-display":"","site-post-title":"disabled","ast-breadcrumbs-content":"","ast-featured-img":"disabled","footer-sml-layout":"","theme-transparent-header-meta":"","adv-header-id-meta":"","stick-header-meta":"","header-above-stick-meta":"","header-main-stick-meta":"","header-below-stick-meta":"","footnotes":""},"class_list":["post-1437","page","type-page","status-publish","hentry"],"_links":{"self":[{"href":"https:\/\/lara-manzini.com\/fr\/wp-json\/wp\/v2\/pages\/1437","targetHints":{"allow":["GET"]}}],"collection":[{"href":"https:\/\/lara-manzini.com\/fr\/wp-json\/wp\/v2\/pages"}],"about":[{"href":"https:\/\/lara-manzini.com\/fr\/wp-json\/wp\/v2\/types\/page"}],"author":[{"embeddable":true,"href":"https:\/\/lara-manzini.com\/fr\/wp-json\/wp\/v2\/users\/1"}],"replies":[{"embeddable":true,"href":"https:\/\/lara-manzini.com\/fr\/wp-json\/wp\/v2\/comments?post=1437"}],"version-history":[{"count":3,"href":"https:\/\/lara-manzini.com\/fr\/wp-json\/wp\/v2\/pages\/1437\/revisions"}],"predecessor-version":[{"id":2392,"href":"https:\/\/lara-manzini.com\/fr\/wp-json\/wp\/v2\/pages\/1437\/revisions\/2392"}],"wp:attachment":[{"href":"https:\/\/lara-manzini.com\/fr\/wp-json\/wp\/v2\/media?parent=1437"}],"curies":[{"name":"wp","href":"https:\/\/api.w.org\/{rel}","templated":true}]}}